{"id":17175,"date":"2026-02-03T10:53:40","date_gmt":"2026-02-03T09:53:40","guid":{"rendered":"https:\/\/www.uptale.io\/?page_id=17175"},"modified":"2026-02-16T15:09:28","modified_gmt":"2026-02-16T14:09:28","slug":"artificial-intelligence-uptale","status":"publish","type":"page","link":"https:\/\/uptale.io\/en\/artificial-intelligence-uptale\/","title":{"rendered":"AI in the Uptale Platform"},"content":{"rendered":"<p data-start=\"953\" data-end=\"1095\">Automatisation intelligente et workflows acc\u00e9l\u00e9r\u00e9s pour r\u00e9duire les d\u00e9lais de cr\u00e9ation, d\u00e9ployer plus vite et passer \u00e0 l\u2019\u00e9chelle efficacement.<\/p>\n","protected":false},"excerpt":{"rendered":"<p>Automatisation intelligente et workflows acc\u00e9l\u00e9r\u00e9s pour r\u00e9duire les d\u00e9lais de cr\u00e9ation, d\u00e9ployer plus vite et passer \u00e0 l\u2019\u00e9chelle efficacement.<\/p>\n","protected":false},"author":3,"featured_media":16734,"parent":0,"menu_order":0,"comment_status":"closed","ping_status":"closed","template":"","meta":{"_acf_changed":false,"content-type":"","footnotes":""},"class_list":["post-17175","page","type-page","status-publish","has-post-thumbnail","hentry"],"acf":[],"yoast_head":"<!-- This site is optimized with the Yoast SEO plugin v26.8 - https:\/\/yoast.com\/product\/yoast-seo-wordpress\/ -->\n<title>AI in the Uptale Platform - Uptale<\/title>\n<meta name=\"description\" content=\"Uptale integrates AI to accelerate creation, enrich the learning experience, and help trainers drive performance at scale.\" \/>\n<meta name=\"robots\" content=\"index, follow, max-snippet:-1, max-image-preview:large, max-video-preview:-1\" \/>\n<link rel=\"canonical\" href=\"https:\/\/uptale.io\/en\/artificial-intelligence-uptale\/\" \/>\n<meta property=\"og:locale\" content=\"en_US\" \/>\n<meta property=\"og:type\" content=\"article\" \/>\n<meta property=\"og:title\" content=\"AI in the Uptale Platform - Uptale\" \/>\n<meta property=\"og:description\" content=\"Uptale integrates AI to accelerate creation, enrich the learning experience, and help trainers drive performance at scale.\" \/>\n<meta property=\"og:url\" content=\"https:\/\/uptale.io\/en\/artificial-intelligence-uptale\/\" \/>\n<meta property=\"og:site_name\" content=\"Uptale\" \/>\n<meta property=\"article:publisher\" content=\"https:\/\/www.facebook.com\/uptale\/\" \/>\n<meta property=\"article:modified_time\" content=\"2026-02-16T14:09:28+00:00\" \/>\n<meta property=\"og:image\" content=\"https:\/\/uptale.io\/wp-content\/uploads\/2025\/12\/Ai_Creators_Uptale_Features_2-scaled.jpg\" \/>\n\t<meta property=\"og:image:width\" content=\"2560\" \/>\n\t<meta property=\"og:image:height\" content=\"1591\" \/>\n\t<meta property=\"og:image:type\" content=\"image\/jpeg\" \/>\n<meta name=\"twitter:card\" content=\"summary_large_image\" \/>\n<meta name=\"twitter:label1\" content=\"Est. reading time\" \/>\n\t<meta name=\"twitter:data1\" content=\"8 minutes\" \/>\n<script type=\"application\/ld+json\" class=\"yoast-schema-graph\">{\"@context\":\"https:\/\/schema.org\",\"@graph\":[{\"@type\":\"WebPage\",\"@id\":\"https:\/\/uptale.io\/en\/artificial-intelligence-uptale\/\",\"url\":\"https:\/\/uptale.io\/en\/artificial-intelligence-uptale\/\",\"name\":\"AI in the Uptale Platform - Uptale\",\"isPartOf\":{\"@id\":\"https:\/\/Uptale-PublicWebsite-AS-euhnedencec4bras.francecentral-01.azurewebsites.net\/#website\"},\"primaryImageOfPage\":{\"@id\":\"https:\/\/uptale.io\/en\/artificial-intelligence-uptale\/#primaryimage\"},\"image\":{\"@id\":\"https:\/\/uptale.io\/en\/artificial-intelligence-uptale\/#primaryimage\"},\"thumbnailUrl\":\"\/wp-content\/uploads\/2025\/12\/Ai_Creators_Uptale_Features_2-scaled.jpg\",\"datePublished\":\"2026-02-03T09:53:40+00:00\",\"dateModified\":\"2026-02-16T14:09:28+00:00\",\"description\":\"Uptale integrates AI to accelerate creation, enrich the learning experience, and help trainers drive performance at scale.\",\"breadcrumb\":{\"@id\":\"https:\/\/uptale.io\/en\/artificial-intelligence-uptale\/#breadcrumb\"},\"inLanguage\":\"en-US\",\"potentialAction\":[{\"@type\":\"ReadAction\",\"target\":[\"https:\/\/uptale.io\/en\/artificial-intelligence-uptale\/\"]}]},{\"@type\":\"ImageObject\",\"inLanguage\":\"en-US\",\"@id\":\"https:\/\/uptale.io\/en\/artificial-intelligence-uptale\/#primaryimage\",\"url\":\"\/wp-content\/uploads\/2025\/12\/Ai_Creators_Uptale_Features_2-scaled.jpg\",\"contentUrl\":\"\/wp-content\/uploads\/2025\/12\/Ai_Creators_Uptale_Features_2-scaled.jpg\",\"width\":2560,\"height\":1591,\"caption\":\"Ai_Creators_Uptale_Features\"},{\"@type\":\"BreadcrumbList\",\"@id\":\"https:\/\/uptale.io\/en\/artificial-intelligence-uptale\/#breadcrumb\",\"itemListElement\":[{\"@type\":\"ListItem\",\"position\":1,\"name\":\"Accueil\",\"item\":\"https:\/\/www.uptale.io\/en\/\"},{\"@type\":\"ListItem\",\"position\":2,\"name\":\"AI in the Uptale Platform\"}]},{\"@type\":\"WebSite\",\"@id\":\"https:\/\/Uptale-PublicWebsite-AS-euhnedencec4bras.francecentral-01.azurewebsites.net\/#website\",\"url\":\"https:\/\/Uptale-PublicWebsite-AS-euhnedencec4bras.francecentral-01.azurewebsites.net\/\",\"name\":\"Uptale\",\"description\":\"Plateforme de Formation par la R\u00e9alit\u00e9 Virtuelle\",\"publisher\":{\"@id\":\"https:\/\/Uptale-PublicWebsite-AS-euhnedencec4bras.francecentral-01.azurewebsites.net\/#organization\"},\"potentialAction\":[{\"@type\":\"SearchAction\",\"target\":{\"@type\":\"EntryPoint\",\"urlTemplate\":\"https:\/\/Uptale-PublicWebsite-AS-euhnedencec4bras.francecentral-01.azurewebsites.net\/?s={search_term_string}\"},\"query-input\":{\"@type\":\"PropertyValueSpecification\",\"valueRequired\":true,\"valueName\":\"search_term_string\"}}],\"inLanguage\":\"en-US\"},{\"@type\":\"Organization\",\"@id\":\"https:\/\/Uptale-PublicWebsite-AS-euhnedencec4bras.francecentral-01.azurewebsites.net\/#organization\",\"name\":\"Uptale\",\"url\":\"https:\/\/Uptale-PublicWebsite-AS-euhnedencec4bras.francecentral-01.azurewebsites.net\/\",\"logo\":{\"@type\":\"ImageObject\",\"inLanguage\":\"en-US\",\"@id\":\"https:\/\/Uptale-PublicWebsite-AS-euhnedencec4bras.francecentral-01.azurewebsites.net\/#\/schema\/logo\/image\/\",\"url\":\"https:\/\/www.uptale.io\/wp-content\/uploads\/2023\/10\/Logo-Dark-Green_1.svg\",\"contentUrl\":\"https:\/\/www.uptale.io\/wp-content\/uploads\/2023\/10\/Logo-Dark-Green_1.svg\",\"width\":936,\"height\":335,\"caption\":\"Uptale\"},\"image\":{\"@id\":\"https:\/\/Uptale-PublicWebsite-AS-euhnedencec4bras.francecentral-01.azurewebsites.net\/#\/schema\/logo\/image\/\"},\"sameAs\":[\"https:\/\/www.facebook.com\/uptale\/\",\"https:\/\/www.linkedin.com\/company\/uptale\/\"]}]}<\/script>\n<!-- \/ Yoast SEO plugin. -->","yoast_head_json":{"title":"AI in the Uptale Platform - Uptale","description":"Uptale integrates AI to accelerate creation, enrich the learning experience, and help trainers drive performance at scale.","robots":{"index":"index","follow":"follow","max-snippet":"max-snippet:-1","max-image-preview":"max-image-preview:large","max-video-preview":"max-video-preview:-1"},"canonical":"https:\/\/uptale.io\/en\/artificial-intelligence-uptale\/","og_locale":"en_US","og_type":"article","og_title":"AI in the Uptale Platform - Uptale","og_description":"Uptale integrates AI to accelerate creation, enrich the learning experience, and help trainers drive performance at scale.","og_url":"https:\/\/uptale.io\/en\/artificial-intelligence-uptale\/","og_site_name":"Uptale","article_publisher":"https:\/\/www.facebook.com\/uptale\/","article_modified_time":"2026-02-16T14:09:28+00:00","og_image":[{"width":2560,"height":1591,"url":"https:\/\/uptale.io\/wp-content\/uploads\/2025\/12\/Ai_Creators_Uptale_Features_2-scaled.jpg","type":"image\/jpeg"}],"twitter_card":"summary_large_image","twitter_misc":{"Est. reading time":"8 minutes"},"schema":{"@context":"https:\/\/schema.org","@graph":[{"@type":"WebPage","@id":"https:\/\/uptale.io\/en\/artificial-intelligence-uptale\/","url":"https:\/\/uptale.io\/en\/artificial-intelligence-uptale\/","name":"AI in the Uptale Platform - Uptale","isPartOf":{"@id":"https:\/\/Uptale-PublicWebsite-AS-euhnedencec4bras.francecentral-01.azurewebsites.net\/#website"},"primaryImageOfPage":{"@id":"https:\/\/uptale.io\/en\/artificial-intelligence-uptale\/#primaryimage"},"image":{"@id":"https:\/\/uptale.io\/en\/artificial-intelligence-uptale\/#primaryimage"},"thumbnailUrl":"\/wp-content\/uploads\/2025\/12\/Ai_Creators_Uptale_Features_2-scaled.jpg","datePublished":"2026-02-03T09:53:40+00:00","dateModified":"2026-02-16T14:09:28+00:00","description":"Uptale integrates AI to accelerate creation, enrich the learning experience, and help trainers drive performance at scale.","breadcrumb":{"@id":"https:\/\/uptale.io\/en\/artificial-intelligence-uptale\/#breadcrumb"},"inLanguage":"en-US","potentialAction":[{"@type":"ReadAction","target":["https:\/\/uptale.io\/en\/artificial-intelligence-uptale\/"]}]},{"@type":"ImageObject","inLanguage":"en-US","@id":"https:\/\/uptale.io\/en\/artificial-intelligence-uptale\/#primaryimage","url":"\/wp-content\/uploads\/2025\/12\/Ai_Creators_Uptale_Features_2-scaled.jpg","contentUrl":"\/wp-content\/uploads\/2025\/12\/Ai_Creators_Uptale_Features_2-scaled.jpg","width":2560,"height":1591,"caption":"Ai_Creators_Uptale_Features"},{"@type":"BreadcrumbList","@id":"https:\/\/uptale.io\/en\/artificial-intelligence-uptale\/#breadcrumb","itemListElement":[{"@type":"ListItem","position":1,"name":"Accueil","item":"https:\/\/www.uptale.io\/en\/"},{"@type":"ListItem","position":2,"name":"AI in the Uptale Platform"}]},{"@type":"WebSite","@id":"https:\/\/Uptale-PublicWebsite-AS-euhnedencec4bras.francecentral-01.azurewebsites.net\/#website","url":"https:\/\/Uptale-PublicWebsite-AS-euhnedencec4bras.francecentral-01.azurewebsites.net\/","name":"Uptale","description":"Plateforme de Formation par la R\u00e9alit\u00e9 Virtuelle","publisher":{"@id":"https:\/\/Uptale-PublicWebsite-AS-euhnedencec4bras.francecentral-01.azurewebsites.net\/#organization"},"potentialAction":[{"@type":"SearchAction","target":{"@type":"EntryPoint","urlTemplate":"https:\/\/Uptale-PublicWebsite-AS-euhnedencec4bras.francecentral-01.azurewebsites.net\/?s={search_term_string}"},"query-input":{"@type":"PropertyValueSpecification","valueRequired":true,"valueName":"search_term_string"}}],"inLanguage":"en-US"},{"@type":"Organization","@id":"https:\/\/Uptale-PublicWebsite-AS-euhnedencec4bras.francecentral-01.azurewebsites.net\/#organization","name":"Uptale","url":"https:\/\/Uptale-PublicWebsite-AS-euhnedencec4bras.francecentral-01.azurewebsites.net\/","logo":{"@type":"ImageObject","inLanguage":"en-US","@id":"https:\/\/Uptale-PublicWebsite-AS-euhnedencec4bras.francecentral-01.azurewebsites.net\/#\/schema\/logo\/image\/","url":"https:\/\/www.uptale.io\/wp-content\/uploads\/2023\/10\/Logo-Dark-Green_1.svg","contentUrl":"https:\/\/www.uptale.io\/wp-content\/uploads\/2023\/10\/Logo-Dark-Green_1.svg","width":936,"height":335,"caption":"Uptale"},"image":{"@id":"https:\/\/Uptale-PublicWebsite-AS-euhnedencec4bras.francecentral-01.azurewebsites.net\/#\/schema\/logo\/image\/"},"sameAs":["https:\/\/www.facebook.com\/uptale\/","https:\/\/www.linkedin.com\/company\/uptale\/"]}]}},"_links":{"self":[{"href":"https:\/\/uptale.io\/en\/wp-json\/wp\/v2\/pages\/17175","targetHints":{"allow":["GET"]}}],"collection":[{"href":"https:\/\/uptale.io\/en\/wp-json\/wp\/v2\/pages"}],"about":[{"href":"https:\/\/uptale.io\/en\/wp-json\/wp\/v2\/types\/page"}],"author":[{"embeddable":true,"href":"https:\/\/uptale.io\/en\/wp-json\/wp\/v2\/users\/3"}],"replies":[{"embeddable":true,"href":"https:\/\/uptale.io\/en\/wp-json\/wp\/v2\/comments?post=17175"}],"version-history":[{"count":13,"href":"https:\/\/uptale.io\/en\/wp-json\/wp\/v2\/pages\/17175\/revisions"}],"predecessor-version":[{"id":17564,"href":"https:\/\/uptale.io\/en\/wp-json\/wp\/v2\/pages\/17175\/revisions\/17564"}],"wp:featuredmedia":[{"embeddable":true,"href":"https:\/\/uptale.io\/en\/wp-json\/wp\/v2\/media\/16734"}],"wp:attachment":[{"href":"https:\/\/uptale.io\/en\/wp-json\/wp\/v2\/media?parent=17175"}],"curies":[{"name":"wp","href":"https:\/\/api.w.org\/{rel}","templated":true}]}}