{"id":6257,"date":"2024-02-07T11:03:56","date_gmt":"2024-02-07T10:03:56","guid":{"rendered":"https:\/\/www.uptale.io\/transformer-formation-parcours-patient-secteur-sante-technologies-immersives\/"},"modified":"2024-02-12T17:47:36","modified_gmt":"2024-02-12T16:47:36","slug":"healthcare-transforming-training-patient-care-xr","status":"publish","type":"page","link":"https:\/\/uptale.io\/en\/healthcare-transforming-training-patient-care-xr\/","title":{"rendered":"Healthcare: Transforming training and patient care with XR"},"content":{"rendered":"<p>Laura Limonta Docteur en m\u00e9decine, dipl\u00f4m\u00e9e de l\u2019universit\u00e9 de La Havane. Actuellement \u00e9tudiante en th\u00e8se et chef de projet de recherche.<\/p>\n<p>Laura Limonta Docteur en m\u00e9decine, dipl\u00f4m\u00e9e de l\u2019universit\u00e9 de La Havane. Actuellement \u00e9tudiante en th\u00e8se et chef de projet de recherche.<\/p>\n","protected":false},"excerpt":{"rendered":"<p>Laura Limonta Docteur en m\u00e9decine, dipl\u00f4m\u00e9e de l\u2019universit\u00e9 de La Havane. Actuellement \u00e9tudiante en th\u00e8se et chef de projet de recherche. Laura Limonta Docteur en m\u00e9decine, dipl\u00f4m\u00e9e de l\u2019universit\u00e9 de La Havane. Actuellement \u00e9tudiante en th\u00e8se et chef de projet de recherche.<\/p>\n","protected":false},"author":5,"featured_media":6218,"parent":0,"menu_order":0,"comment_status":"closed","ping_status":"closed","template":"","meta":{"_acf_changed":false,"content-type":"","footnotes":""},"class_list":["post-6257","page","type-page","status-publish","has-post-thumbnail","hentry"],"acf":[],"yoast_head":"<!-- This site is optimized with the Yoast SEO plugin v26.8 - https:\/\/yoast.com\/product\/yoast-seo-wordpress\/ -->\n<title>Healthcare: Transforming training and patient care with XR - Uptale<\/title>\n<meta name=\"description\" content=\"Uptale and the Medical &amp; Healthcare Department of the University of Versailles (UVSQ) explain how to harness the power of XR technologies.\" \/>\n<meta name=\"robots\" content=\"index, follow, max-snippet:-1, max-image-preview:large, max-video-preview:-1\" \/>\n<link rel=\"canonical\" href=\"https:\/\/uptale.io\/en\/healthcare-transforming-training-patient-care-xr\/\" \/>\n<meta property=\"og:locale\" content=\"en_US\" \/>\n<meta property=\"og:type\" content=\"article\" \/>\n<meta property=\"og:title\" content=\"Healthcare: Transforming training and patient care with XR - Uptale\" \/>\n<meta property=\"og:description\" content=\"Uptale and the Medical &amp; Healthcare Department of the University of Versailles (UVSQ) explain how to harness the power of XR technologies.\" \/>\n<meta property=\"og:url\" content=\"https:\/\/uptale.io\/en\/healthcare-transforming-training-patient-care-xr\/\" \/>\n<meta property=\"og:site_name\" content=\"Uptale\" \/>\n<meta property=\"article:publisher\" content=\"https:\/\/www.facebook.com\/uptale\/\" \/>\n<meta property=\"article:modified_time\" content=\"2024-02-12T16:47:36+00:00\" \/>\n<meta property=\"og:image\" content=\"https:\/\/uptale.io\/wp-content\/uploads\/2024\/02\/Medical-Healthcare-VR-Uptale-1.jpg\" \/>\n\t<meta property=\"og:image:width\" content=\"2000\" \/>\n\t<meta property=\"og:image:height\" content=\"1254\" \/>\n\t<meta property=\"og:image:type\" content=\"image\/jpeg\" \/>\n<meta name=\"twitter:card\" content=\"summary_large_image\" \/>\n<meta name=\"twitter:label1\" content=\"Est. reading time\" \/>\n\t<meta name=\"twitter:data1\" content=\"1 minute\" \/>\n<script type=\"application\/ld+json\" class=\"yoast-schema-graph\">{\"@context\":\"https:\/\/schema.org\",\"@graph\":[{\"@type\":\"WebPage\",\"@id\":\"https:\/\/uptale.io\/en\/healthcare-transforming-training-patient-care-xr\/\",\"url\":\"https:\/\/uptale.io\/en\/healthcare-transforming-training-patient-care-xr\/\",\"name\":\"Healthcare: Transforming training and patient care with XR - Uptale\",\"isPartOf\":{\"@id\":\"https:\/\/uptale.io\/en\/#website\"},\"primaryImageOfPage\":{\"@id\":\"https:\/\/uptale.io\/en\/healthcare-transforming-training-patient-care-xr\/#primaryimage\"},\"image\":{\"@id\":\"https:\/\/uptale.io\/en\/healthcare-transforming-training-patient-care-xr\/#primaryimage\"},\"thumbnailUrl\":\"\/wp-content\/uploads\/2024\/02\/Medical-Healthcare-VR-Uptale-1.jpg\",\"datePublished\":\"2024-02-07T10:03:56+00:00\",\"dateModified\":\"2024-02-12T16:47:36+00:00\",\"description\":\"Uptale and the Medical & Healthcare Department of the University of Versailles (UVSQ) explain how to harness the power of XR technologies.\",\"breadcrumb\":{\"@id\":\"https:\/\/uptale.io\/en\/healthcare-transforming-training-patient-care-xr\/#breadcrumb\"},\"inLanguage\":\"en-US\",\"potentialAction\":[{\"@type\":\"ReadAction\",\"target\":[\"https:\/\/uptale.io\/en\/healthcare-transforming-training-patient-care-xr\/\"]}]},{\"@type\":\"ImageObject\",\"inLanguage\":\"en-US\",\"@id\":\"https:\/\/uptale.io\/en\/healthcare-transforming-training-patient-care-xr\/#primaryimage\",\"url\":\"\/wp-content\/uploads\/2024\/02\/Medical-Healthcare-VR-Uptale-1.jpg\",\"contentUrl\":\"\/wp-content\/uploads\/2024\/02\/Medical-Healthcare-VR-Uptale-1.jpg\",\"width\":2000,\"height\":1254,\"caption\":\"A medical student doing a VR experience\"},{\"@type\":\"BreadcrumbList\",\"@id\":\"https:\/\/uptale.io\/en\/healthcare-transforming-training-patient-care-xr\/#breadcrumb\",\"itemListElement\":[{\"@type\":\"ListItem\",\"position\":1,\"name\":\"Accueil\",\"item\":\"https:\/\/www.uptale.io\/en\/\"},{\"@type\":\"ListItem\",\"position\":2,\"name\":\"Healthcare: Transforming training and patient care with XR\"}]},{\"@type\":\"WebSite\",\"@id\":\"https:\/\/uptale.io\/en\/#website\",\"url\":\"https:\/\/uptale.io\/en\/\",\"name\":\"Uptale\",\"description\":\"Plateforme de Formation par la R\u00e9alit\u00e9 Virtuelle\",\"publisher\":{\"@id\":\"https:\/\/uptale.io\/en\/#organization\"},\"potentialAction\":[{\"@type\":\"SearchAction\",\"target\":{\"@type\":\"EntryPoint\",\"urlTemplate\":\"https:\/\/uptale.io\/en\/?s={search_term_string}\"},\"query-input\":{\"@type\":\"PropertyValueSpecification\",\"valueRequired\":true,\"valueName\":\"search_term_string\"}}],\"inLanguage\":\"en-US\"},{\"@type\":\"Organization\",\"@id\":\"https:\/\/uptale.io\/en\/#organization\",\"name\":\"Uptale\",\"url\":\"https:\/\/uptale.io\/en\/\",\"logo\":{\"@type\":\"ImageObject\",\"inLanguage\":\"en-US\",\"@id\":\"https:\/\/uptale.io\/en\/#\/schema\/logo\/image\/\",\"url\":\"https:\/\/www.uptale.io\/wp-content\/uploads\/2023\/10\/Logo-Dark-Green_1.svg\",\"contentUrl\":\"https:\/\/www.uptale.io\/wp-content\/uploads\/2023\/10\/Logo-Dark-Green_1.svg\",\"width\":936,\"height\":335,\"caption\":\"Uptale\"},\"image\":{\"@id\":\"https:\/\/uptale.io\/en\/#\/schema\/logo\/image\/\"},\"sameAs\":[\"https:\/\/www.facebook.com\/uptale\/\",\"https:\/\/www.linkedin.com\/company\/uptale\/\"]}]}<\/script>\n<!-- \/ Yoast SEO plugin. -->","yoast_head_json":{"title":"Healthcare: Transforming training and patient care with XR - Uptale","description":"Uptale and the Medical & Healthcare Department of the University of Versailles (UVSQ) explain how to harness the power of XR technologies.","robots":{"index":"index","follow":"follow","max-snippet":"max-snippet:-1","max-image-preview":"max-image-preview:large","max-video-preview":"max-video-preview:-1"},"canonical":"https:\/\/uptale.io\/en\/healthcare-transforming-training-patient-care-xr\/","og_locale":"en_US","og_type":"article","og_title":"Healthcare: Transforming training and patient care with XR - Uptale","og_description":"Uptale and the Medical & Healthcare Department of the University of Versailles (UVSQ) explain how to harness the power of XR technologies.","og_url":"https:\/\/uptale.io\/en\/healthcare-transforming-training-patient-care-xr\/","og_site_name":"Uptale","article_publisher":"https:\/\/www.facebook.com\/uptale\/","article_modified_time":"2024-02-12T16:47:36+00:00","og_image":[{"width":2000,"height":1254,"url":"https:\/\/uptale.io\/wp-content\/uploads\/2024\/02\/Medical-Healthcare-VR-Uptale-1.jpg","type":"image\/jpeg"}],"twitter_card":"summary_large_image","twitter_misc":{"Est. reading time":"1 minute"},"schema":{"@context":"https:\/\/schema.org","@graph":[{"@type":"WebPage","@id":"https:\/\/uptale.io\/en\/healthcare-transforming-training-patient-care-xr\/","url":"https:\/\/uptale.io\/en\/healthcare-transforming-training-patient-care-xr\/","name":"Healthcare: Transforming training and patient care with XR - Uptale","isPartOf":{"@id":"https:\/\/uptale.io\/en\/#website"},"primaryImageOfPage":{"@id":"https:\/\/uptale.io\/en\/healthcare-transforming-training-patient-care-xr\/#primaryimage"},"image":{"@id":"https:\/\/uptale.io\/en\/healthcare-transforming-training-patient-care-xr\/#primaryimage"},"thumbnailUrl":"\/wp-content\/uploads\/2024\/02\/Medical-Healthcare-VR-Uptale-1.jpg","datePublished":"2024-02-07T10:03:56+00:00","dateModified":"2024-02-12T16:47:36+00:00","description":"Uptale and the Medical & Healthcare Department of the University of Versailles (UVSQ) explain how to harness the power of XR technologies.","breadcrumb":{"@id":"https:\/\/uptale.io\/en\/healthcare-transforming-training-patient-care-xr\/#breadcrumb"},"inLanguage":"en-US","potentialAction":[{"@type":"ReadAction","target":["https:\/\/uptale.io\/en\/healthcare-transforming-training-patient-care-xr\/"]}]},{"@type":"ImageObject","inLanguage":"en-US","@id":"https:\/\/uptale.io\/en\/healthcare-transforming-training-patient-care-xr\/#primaryimage","url":"\/wp-content\/uploads\/2024\/02\/Medical-Healthcare-VR-Uptale-1.jpg","contentUrl":"\/wp-content\/uploads\/2024\/02\/Medical-Healthcare-VR-Uptale-1.jpg","width":2000,"height":1254,"caption":"A medical student doing a VR experience"},{"@type":"BreadcrumbList","@id":"https:\/\/uptale.io\/en\/healthcare-transforming-training-patient-care-xr\/#breadcrumb","itemListElement":[{"@type":"ListItem","position":1,"name":"Accueil","item":"https:\/\/www.uptale.io\/en\/"},{"@type":"ListItem","position":2,"name":"Healthcare: Transforming training and patient care with XR"}]},{"@type":"WebSite","@id":"https:\/\/uptale.io\/en\/#website","url":"https:\/\/uptale.io\/en\/","name":"Uptale","description":"Plateforme de Formation par la R\u00e9alit\u00e9 Virtuelle","publisher":{"@id":"https:\/\/uptale.io\/en\/#organization"},"potentialAction":[{"@type":"SearchAction","target":{"@type":"EntryPoint","urlTemplate":"https:\/\/uptale.io\/en\/?s={search_term_string}"},"query-input":{"@type":"PropertyValueSpecification","valueRequired":true,"valueName":"search_term_string"}}],"inLanguage":"en-US"},{"@type":"Organization","@id":"https:\/\/uptale.io\/en\/#organization","name":"Uptale","url":"https:\/\/uptale.io\/en\/","logo":{"@type":"ImageObject","inLanguage":"en-US","@id":"https:\/\/uptale.io\/en\/#\/schema\/logo\/image\/","url":"https:\/\/www.uptale.io\/wp-content\/uploads\/2023\/10\/Logo-Dark-Green_1.svg","contentUrl":"https:\/\/www.uptale.io\/wp-content\/uploads\/2023\/10\/Logo-Dark-Green_1.svg","width":936,"height":335,"caption":"Uptale"},"image":{"@id":"https:\/\/uptale.io\/en\/#\/schema\/logo\/image\/"},"sameAs":["https:\/\/www.facebook.com\/uptale\/","https:\/\/www.linkedin.com\/company\/uptale\/"]}]}},"_links":{"self":[{"href":"https:\/\/uptale.io\/en\/wp-json\/wp\/v2\/pages\/6257","targetHints":{"allow":["GET"]}}],"collection":[{"href":"https:\/\/uptale.io\/en\/wp-json\/wp\/v2\/pages"}],"about":[{"href":"https:\/\/uptale.io\/en\/wp-json\/wp\/v2\/types\/page"}],"author":[{"embeddable":true,"href":"https:\/\/uptale.io\/en\/wp-json\/wp\/v2\/users\/5"}],"replies":[{"embeddable":true,"href":"https:\/\/uptale.io\/en\/wp-json\/wp\/v2\/comments?post=6257"}],"version-history":[{"count":0,"href":"https:\/\/uptale.io\/en\/wp-json\/wp\/v2\/pages\/6257\/revisions"}],"wp:featuredmedia":[{"embeddable":true,"href":"https:\/\/uptale.io\/en\/wp-json\/wp\/v2\/media\/6218"}],"wp:attachment":[{"href":"https:\/\/uptale.io\/en\/wp-json\/wp\/v2\/media?parent=6257"}],"curies":[{"name":"wp","href":"https:\/\/api.w.org\/{rel}","templated":true}]}}